{"id":350,"date":"2013-02-18T14:29:48","date_gmt":"2013-02-18T13:29:48","guid":{"rendered":"http:\/\/geraldinekannamma.com\/?page_id=350"},"modified":"2025-08-31T15:46:33","modified_gmt":"2025-08-31T14:46:33","slug":"echassiere","status":"publish","type":"page","link":"https:\/\/geraldinekannamma.com\/en\/acrobat\/","title":{"rendered":"Acrobat \/ Stilts"},"content":{"rendered":"<address>\n<address><b>2012 \/ 2016<\/b><\/address>\n<address>Com\u00e9dienne &#8211; Acrobate<i>&nbsp; <a title=\"Spectacles Cie de la Lune\" href=\"http:\/\/compagniedelalune.free.fr\/spectacles.html\" target=\"_blank\" rel=\"noopener\">&#8220;Duo Cordesque&#8221;<\/a><\/i><\/address>\n<address>Cr\u00e9ation Cie de la Lune<\/address>\n<address><b>&nbsp;<\/b><\/address>\n<\/address>\n<address>&nbsp;<\/address>\n<address><strong>2015<\/strong><\/address>\n<address>Acrobate a\u00e9rienne &#8220;Mo\u00efse et Aaron&#8221; Mise en sc\u00e8ne Rom\u00e9o Castelucci<\/address>\n<address>Op\u00e9ra de Paris &#8211; Bastille<\/address>\n<address>&nbsp;<\/address>\n<address>&nbsp;<\/address>\n<address><b>2013 \/ 2014<\/b><\/address>\n<address>Com\u00e9dienne &#8211; Echassi\u00e8re<i>&nbsp; &#8220;Les marraines F\u00e9es&#8221;<br \/>\n<\/i><\/address>\n<address>Cr\u00e9ation Cie Lilou (en tourn\u00e9e)<\/address>\n<address>&nbsp;<\/address>\n<address>&nbsp;<\/address>\n<address><b>Janvier \u00e0 Avril 2012<\/b><\/address>\n<address>Com\u00e9dienne \/ Acrobate a\u00e9rienne&nbsp; &#8220;<i>La Veuve Joyeuse&#8221; <\/i>Mise en sc\u00e8ne : Jorge Lavelli<\/address>\n<address>Op\u00e9ra de Paris &#8211; Garnier<\/address>\n<address>&nbsp;<\/address>\n<address>&nbsp;<\/address>\n<address><b>2011 <\/b><\/address>\n<address>Acrobate avec les Yamakasi (Market Place Events)<\/address>\n<address>Echassi\u00e8re &#8211; Eclipse Compagnie : <i>Le bal des oiseaux, Soleil&#8230;<\/i><\/address>\n<address>Echassi\u00e8re&nbsp; &#8220;<i>DRACULA, l\u2019amour plus fort que la mort&#8221;,&nbsp; <\/i>mise en sc\u00e8ne : Kamel Ouali<\/address>\n<address>(Palais des sports, Paris)<\/address>\n<address>&nbsp;<\/address>\n<address>&nbsp;<\/address>\n<address><b>Avril 2009 \/ Octobre 2010<\/b><\/address>\n<address>Com\u00e9dienne Pyrotechnie &#8211; Spectacle du Groupe F &#8220;<i>Les Ma\u00eetres du feu&#8221; <\/i><\/address>\n<address>Th\u00e9\u00e2tre des \u00c9l\u00e9ments &#8211; Bioscope &#8211; 68)<\/address>\n<address>&nbsp;<\/address>\n<address>&nbsp;<\/address>\n<address><b>2003 \/ 2013<\/b><\/address>\n<address>Directrice artistique et Mise en sc\u00e8ne des spectacles de la <i>Compagnie de la Lune<\/i><\/address>\n<address>(Ch\u00e2tenay-Malabry &#8211; 92)<\/address>\n<address>&nbsp;<\/address>\n<address>&nbsp;<\/address>\n<address><a href=\"http:\/\/geraldinekannamma.com\/wp-content\/uploads\/2013\/01\/Linea-CORRIGE.jpg\"><img decoding=\"async\" loading=\"lazy\" src=\"http:\/\/geraldinekannamma.com\/wp-content\/uploads\/2013\/01\/Linea-CORRIGE.jpg\" alt=\"geraldine kannamma spectacle corde duo cordesque lune\" width=\"305\" height=\"420\"><\/a><\/address>\n<address>&nbsp;<\/address>\n<address><!--nextpage--><\/address>\n<address><img decoding=\"async\" title=\"Page suivante\u2026\" src=\"http:\/\/geraldinekannamma.com\/wp-includes\/js\/tinymce\/plugins\/wordpress\/img\/trans.gif\" alt=\"\"><\/address>\n<address>&nbsp;&nbsp; <a href=\"http:\/\/geraldinekannamma.com\/wp-content\/uploads\/2013\/02\/La-Veuve-Joyeuse-Opera-de-Paris.png\"><img decoding=\"async\" loading=\"lazy\" src=\"http:\/\/geraldinekannamma.com\/wp-content\/uploads\/2013\/02\/La-Veuve-Joyeuse-Opera-de-Paris.png\" alt=\"La Veuve Joyeuse Opera de Paris\" width=\"304\" height=\"404\"><\/a><\/address>\n<p><a href=\"http:\/\/geraldinekannamma.com\/wp-content\/uploads\/2013\/02\/le-Bal-des-Oiseaux.png\"><img decoding=\"async\" loading=\"lazy\" src=\"http:\/\/geraldinekannamma.com\/wp-content\/uploads\/2013\/02\/le-Bal-des-Oiseaux.png\" alt=\"le Bal des Oiseaux\" width=\"307\" height=\"227\"><\/a><\/p>\n<p><a href=\"http:\/\/geraldinekannamma.com\/wp-content\/uploads\/2015\/06\/les-marraines-fees-spectacle-echasses.jpg\"><img decoding=\"async\" loading=\"lazy\" src=\"http:\/\/geraldinekannamma.com\/wp-content\/uploads\/2015\/06\/les-marraines-fees-spectacle-echasses.jpg\" alt=\"Les Marraines F\u00e9es Cie Lilou\" width=\"307\" height=\"202\"><\/a><\/p>\n<p><a href=\"http:\/\/geraldinekannamma.com\/wp-content\/uploads\/2015\/06\/Duo-vampires.png\"><img decoding=\"async\" loading=\"lazy\" src=\"http:\/\/geraldinekannamma.com\/wp-content\/uploads\/2015\/06\/Duo-vampires.png\" alt=\"Duo vampires Dracula, l'amour plus fort que la mort\" width=\"305\" height=\"226\"><\/a><\/p>\n<p><img decoding=\"async\" title=\"Page suivante\u2026\" src=\"http:\/\/geraldinekannamma.com\/wp-includes\/js\/tinymce\/plugins\/wordpress\/img\/trans.gif\" alt=\"\"><\/p>\n<address>&nbsp;<\/address>\n<address>&nbsp;<!--nextpage--><\/address>\n<p style=\"text-align: center;\"><strong>2011\/2012 : Spectacle Le Bal des Oiseaux (Eclipse Compagnie)<\/strong><\/p>\n<p style=\"text-align: center;\">\n\n<div class=\"ngg-galleryoverview ngg-slideshow\"\n\t id=\"ngg-slideshow-015b0b00c7f3e37cf350e9d7950962e9-21105116230\"\n     data-gallery-id=\"015b0b00c7f3e37cf350e9d7950962e9\"\n     style=\"max-width: 450px; max-height: 337px;\">\n\n \t<div id=\"ngg-image-0\" class=\"ngg-gallery-slideshow-image\" style=\"height:337px\">\n\n        <a href=\"https:\/\/geraldinekannamma.com\/wp-content\/gallery\/le-bal-des-oiseaux-eclipse-compagnie\/echasses.png\"\n           title=\"\"\n           data-src=\"https:\/\/geraldinekannamma.com\/wp-content\/gallery\/le-bal-des-oiseaux-eclipse-compagnie\/echasses.png\"\n           data-thumbnail=\"https:\/\/geraldinekannamma.com\/wp-content\/gallery\/le-bal-des-oiseaux-eclipse-compagnie\/thumbs\/thumbs_echasses.png\"\n           data-image-id=\"13\"\n           data-title=\"Echasses\"\n           data-description=\"\"\n           class=\"shutterset_015b0b00c7f3e37cf350e9d7950962e9\">\n\n            <img data-image-id='13'\n                 title=\"\"\n                 alt=\"Echasses\"\n                 src=\"https:\/\/geraldinekannamma.com\/wp-content\/gallery\/le-bal-des-oiseaux-eclipse-compagnie\/echasses.png\"\n                 style=\"max-height: 317px;\"\/>\n        <\/a>\n\n        <\/div> \n<div id=\"ngg-image-1\" class=\"ngg-gallery-slideshow-image\" style=\"height:337px\">\n\n        <a href=\"https:\/\/geraldinekannamma.com\/wp-content\/gallery\/le-bal-des-oiseaux-eclipse-compagnie\/le-bal-des-oiseaux-etoile.png\"\n           title=\"\"\n           data-src=\"https:\/\/geraldinekannamma.com\/wp-content\/gallery\/le-bal-des-oiseaux-eclipse-compagnie\/le-bal-des-oiseaux-etoile.png\"\n           data-thumbnail=\"https:\/\/geraldinekannamma.com\/wp-content\/gallery\/le-bal-des-oiseaux-eclipse-compagnie\/thumbs\/thumbs_le-bal-des-oiseaux-etoile.png\"\n           data-image-id=\"14\"\n           data-title=\"Le Bal des Oiseaux Etoile\"\n           data-description=\"\"\n           class=\"shutterset_015b0b00c7f3e37cf350e9d7950962e9\">\n\n            <img data-image-id='14'\n                 title=\"\"\n                 alt=\"Le Bal des Oiseaux Etoile\"\n                 src=\"https:\/\/geraldinekannamma.com\/wp-content\/gallery\/le-bal-des-oiseaux-eclipse-compagnie\/le-bal-des-oiseaux-etoile.png\"\n                 style=\"max-height: 317px;\"\/>\n        <\/a>\n\n        <\/div> \n<div id=\"ngg-image-2\" class=\"ngg-gallery-slideshow-image\" style=\"height:337px\">\n\n        <a href=\"https:\/\/geraldinekannamma.com\/wp-content\/gallery\/le-bal-des-oiseaux-eclipse-compagnie\/le-bal-des-oiseaux-groupe.png\"\n           title=\"\"\n           data-src=\"https:\/\/geraldinekannamma.com\/wp-content\/gallery\/le-bal-des-oiseaux-eclipse-compagnie\/le-bal-des-oiseaux-groupe.png\"\n           data-thumbnail=\"https:\/\/geraldinekannamma.com\/wp-content\/gallery\/le-bal-des-oiseaux-eclipse-compagnie\/thumbs\/thumbs_le-bal-des-oiseaux-groupe.png\"\n           data-image-id=\"15\"\n           data-title=\"Le Bal des Oiseaux Groupe\"\n           data-description=\"\"\n           class=\"shutterset_015b0b00c7f3e37cf350e9d7950962e9\">\n\n            <img data-image-id='15'\n                 title=\"\"\n                 alt=\"Le Bal des Oiseaux Groupe\"\n                 src=\"https:\/\/geraldinekannamma.com\/wp-content\/gallery\/le-bal-des-oiseaux-eclipse-compagnie\/le-bal-des-oiseaux-groupe.png\"\n                 style=\"max-height: 317px;\"\/>\n        <\/a>\n\n        <\/div> \n<div id=\"ngg-image-3\" class=\"ngg-gallery-slideshow-image\" style=\"height:337px\">\n\n        <a href=\"https:\/\/geraldinekannamma.com\/wp-content\/gallery\/le-bal-des-oiseaux-eclipse-compagnie\/le-bal-des-oiseaux-papillon.png\"\n           title=\"\"\n           data-src=\"https:\/\/geraldinekannamma.com\/wp-content\/gallery\/le-bal-des-oiseaux-eclipse-compagnie\/le-bal-des-oiseaux-papillon.png\"\n           data-thumbnail=\"https:\/\/geraldinekannamma.com\/wp-content\/gallery\/le-bal-des-oiseaux-eclipse-compagnie\/thumbs\/thumbs_le-bal-des-oiseaux-papillon.png\"\n           data-image-id=\"16\"\n           data-title=\"Le Bal des Oiseaux - Papillon\"\n           data-description=\"\"\n           class=\"shutterset_015b0b00c7f3e37cf350e9d7950962e9\">\n\n            <img data-image-id='16'\n                 title=\"\"\n                 alt=\"Le Bal des Oiseaux - Papillon\"\n                 src=\"https:\/\/geraldinekannamma.com\/wp-content\/gallery\/le-bal-des-oiseaux-eclipse-compagnie\/le-bal-des-oiseaux-papillon.png\"\n                 style=\"max-height: 317px;\"\/>\n        <\/a>\n\n        <\/div> \n<div id=\"ngg-image-4\" class=\"ngg-gallery-slideshow-image\" style=\"height:337px\">\n\n        <a href=\"https:\/\/geraldinekannamma.com\/wp-content\/gallery\/le-bal-des-oiseaux-eclipse-compagnie\/le-bal-des-oiseaux.png\"\n           title=\"\"\n           data-src=\"https:\/\/geraldinekannamma.com\/wp-content\/gallery\/le-bal-des-oiseaux-eclipse-compagnie\/le-bal-des-oiseaux.png\"\n           data-thumbnail=\"https:\/\/geraldinekannamma.com\/wp-content\/gallery\/le-bal-des-oiseaux-eclipse-compagnie\/thumbs\/thumbs_le-bal-des-oiseaux.png\"\n           data-image-id=\"17\"\n           data-title=\"Le Bal des Oiseaux\"\n           data-description=\"\"\n           class=\"shutterset_015b0b00c7f3e37cf350e9d7950962e9\">\n\n            <img data-image-id='17'\n                 title=\"\"\n                 alt=\"Le Bal des Oiseaux\"\n                 src=\"https:\/\/geraldinekannamma.com\/wp-content\/gallery\/le-bal-des-oiseaux-eclipse-compagnie\/le-bal-des-oiseaux.png\"\n                 style=\"max-height: 317px;\"\/>\n        <\/a>\n\n        <\/div> \n<\/div>\n\n\n\t\t<!-- Thumbnails Link -->\n\t<div class=\"slideshowlink\" style=\"max-width: 450px;\">\n        <a href='https:\/\/geraldinekannamma.com\/en\/acrobat\/nggallery\/thumbnails'>[Show picture list]<\/a>\n\t<\/div>\n\n<\/p>\n<p style=\"text-align: center;\"><strong>2011 : &#8220;Dracula, l&#8217;amour plus fort que la mort&#8221;&nbsp; Kamel Ouali (Palais des Sports &#8211; Paris)<\/strong>\n\n<div class=\"ngg-galleryoverview ngg-slideshow\"\n\t id=\"ngg-slideshow-24b67388be7bfd19306863e3543f382f-20623897570\"\n     data-gallery-id=\"24b67388be7bfd19306863e3543f382f\"\n     style=\"max-width: 450px; max-height: 337px;\">\n\n \t<div id=\"ngg-image-0\" class=\"ngg-gallery-slideshow-image\" style=\"height:337px\">\n\n        <a href=\"https:\/\/geraldinekannamma.com\/wp-content\/gallery\/dracula\/dracula1.png\"\n           title=\"\"\n           data-src=\"https:\/\/geraldinekannamma.com\/wp-content\/gallery\/dracula\/dracula1.png\"\n           data-thumbnail=\"https:\/\/geraldinekannamma.com\/wp-content\/gallery\/dracula\/thumbs\/thumbs_dracula1.png\"\n           data-image-id=\"12\"\n           data-title=\"dracula1\"\n           data-description=\"\"\n           class=\"shutterset_24b67388be7bfd19306863e3543f382f\">\n\n            <img data-image-id='12'\n                 title=\"\"\n                 alt=\"dracula1\"\n                 src=\"https:\/\/geraldinekannamma.com\/wp-content\/gallery\/dracula\/dracula1.png\"\n                 style=\"max-height: 317px;\"\/>\n        <\/a>\n\n        <\/div> \n<div id=\"ngg-image-1\" class=\"ngg-gallery-slideshow-image\" style=\"height:337px\">\n\n        <a href=\"https:\/\/geraldinekannamma.com\/wp-content\/gallery\/dracula\/3-vampires_0.png\"\n           title=\"\"\n           data-src=\"https:\/\/geraldinekannamma.com\/wp-content\/gallery\/dracula\/3-vampires_0.png\"\n           data-thumbnail=\"https:\/\/geraldinekannamma.com\/wp-content\/gallery\/dracula\/thumbs\/thumbs_3-vampires_0.png\"\n           data-image-id=\"8\"\n           data-title=\"3-vampires_0\"\n           data-description=\"\"\n           class=\"shutterset_24b67388be7bfd19306863e3543f382f\">\n\n            <img data-image-id='8'\n                 title=\"\"\n                 alt=\"3-vampires_0\"\n                 src=\"https:\/\/geraldinekannamma.com\/wp-content\/gallery\/dracula\/3-vampires_0.png\"\n                 style=\"max-height: 317px;\"\/>\n        <\/a>\n\n        <\/div> \n<div id=\"ngg-image-2\" class=\"ngg-gallery-slideshow-image\" style=\"height:337px\">\n\n        <a href=\"https:\/\/geraldinekannamma.com\/wp-content\/gallery\/dracula\/duo-vampires_0.png\"\n           title=\"\"\n           data-src=\"https:\/\/geraldinekannamma.com\/wp-content\/gallery\/dracula\/duo-vampires_0.png\"\n           data-thumbnail=\"https:\/\/geraldinekannamma.com\/wp-content\/gallery\/dracula\/thumbs\/thumbs_duo-vampires_0.png\"\n           data-image-id=\"10\"\n           data-title=\"duo-vampires_0\"\n           data-description=\"\"\n           class=\"shutterset_24b67388be7bfd19306863e3543f382f\">\n\n            <img data-image-id='10'\n                 title=\"\"\n                 alt=\"duo-vampires_0\"\n                 src=\"https:\/\/geraldinekannamma.com\/wp-content\/gallery\/dracula\/duo-vampires_0.png\"\n                 style=\"max-height: 317px;\"\/>\n        <\/a>\n\n        <\/div> \n<div id=\"ngg-image-3\" class=\"ngg-gallery-slideshow-image\" style=\"height:337px\">\n\n        <a href=\"https:\/\/geraldinekannamma.com\/wp-content\/gallery\/dracula\/alien-1000x750.png\"\n           title=\"\"\n           data-src=\"https:\/\/geraldinekannamma.com\/wp-content\/gallery\/dracula\/alien-1000x750.png\"\n           data-thumbnail=\"https:\/\/geraldinekannamma.com\/wp-content\/gallery\/dracula\/thumbs\/thumbs_alien-1000x750.png\"\n           data-image-id=\"9\"\n           data-title=\"alien-1000x750\"\n           data-description=\"\"\n           class=\"shutterset_24b67388be7bfd19306863e3543f382f\">\n\n            <img data-image-id='9'\n                 title=\"\"\n                 alt=\"alien-1000x750\"\n                 src=\"https:\/\/geraldinekannamma.com\/wp-content\/gallery\/dracula\/alien-1000x750.png\"\n                 style=\"max-height: 317px;\"\/>\n        <\/a>\n\n        <\/div> \n<\/div>\n\n\n\t\t<!-- Thumbnails Link -->\n\t<div class=\"slideshowlink\" style=\"max-width: 450px;\">\n        <a href='https:\/\/geraldinekannamma.com\/en\/acrobat\/nggallery\/thumbnails'>[Show picture list]<\/a>\n\t<\/div>\n\n<\/p>\n","protected":false},"excerpt":{"rendered":"<p>Sorry, this entry is only available in Fran\u00e7ais.<\/p>\n","protected":false},"author":1,"featured_media":0,"parent":0,"menu_order":0,"comment_status":"closed","ping_status":"open","template":"","meta":{"ngg_post_thumbnail":0},"_links":{"self":[{"href":"https:\/\/geraldinekannamma.com\/en\/wp-json\/wp\/v2\/pages\/350"}],"collection":[{"href":"https:\/\/geraldinekannamma.com\/en\/wp-json\/wp\/v2\/pages"}],"about":[{"href":"https:\/\/geraldinekannamma.com\/en\/wp-json\/wp\/v2\/types\/page"}],"author":[{"embeddable":true,"href":"https:\/\/geraldinekannamma.com\/en\/wp-json\/wp\/v2\/users\/1"}],"replies":[{"embeddable":true,"href":"https:\/\/geraldinekannamma.com\/en\/wp-json\/wp\/v2\/comments?post=350"}],"version-history":[{"count":54,"href":"https:\/\/geraldinekannamma.com\/en\/wp-json\/wp\/v2\/pages\/350\/revisions"}],"predecessor-version":[{"id":1942,"href":"https:\/\/geraldinekannamma.com\/en\/wp-json\/wp\/v2\/pages\/350\/revisions\/1942"}],"wp:attachment":[{"href":"https:\/\/geraldinekannamma.com\/en\/wp-json\/wp\/v2\/media?parent=350"}],"curies":[{"name":"wp","href":"https:\/\/api.w.org\/{rel}","templated":true}]}}