{"id":96,"date":"2013-01-16T17:52:22","date_gmt":"2013-01-16T16:52:22","guid":{"rendered":"http:\/\/geraldinekannamma.com\/?page_id=96"},"modified":"2025-08-31T15:51:32","modified_gmt":"2025-08-31T14:51:32","slug":"comedienne","status":"publish","type":"page","link":"https:\/\/geraldinekannamma.com\/en\/comedienne\/","title":{"rendered":"Comedian"},"content":{"rendered":"<address>\n<address><strong>2010 \/ 2024<\/strong><\/address>\n<address>Com\u00e9dienne&nbsp; VOIX&nbsp; <a title=\"G\u00e9raldine KANNAMMA Voix Off Doublage\" href=\"http:\/\/geraldinekannamma.com\/voix\/\" target=\"_blank\" rel=\"noopener\">(Voix Off &#8211; Doublage)<\/a><\/address>\n<address>&nbsp;<\/address>\n<address>&nbsp;<\/address>\n<address>\n<address><strong>2020<\/strong><\/address>\n<address>Com\u00e9dienne Les Contes d&#8217;Hoffmann<\/address>\n<address>Mise en sc\u00e8ne Robert Carsen<\/address>\n<address>Op\u00e9ra National de Paris Bastille<\/address>\n<address>&nbsp;<\/address>\n<address>&nbsp;<\/address>\n<\/address>\n<address><strong>2019<\/strong><\/address>\n<address>Com\u00e9dienne&nbsp; <em>Otello<\/em><\/address>\n<address>Mise en sc\u00e8ne Andrei Serban<\/address>\n<address>Op\u00e9ra National de Paris Bastille<\/address>\n<address>&nbsp;<\/address>\n<address>\n<address>\n<address><strong>Novembre 2016<\/strong><\/address>\n<address>Com\u00e9dienne Les Contes d&#8217;Hoffmann<\/address>\n<address>Mise en sc\u00e8ne Robert Carsen<\/address>\n<address>Op\u00e9ra National de Paris Bastille<\/address>\n<\/address>\n<address>&nbsp;<\/address>\n<address>&nbsp;<\/address>\n<address><strong>2012 \/ 2016<\/strong><\/address>\n<address>Com\u00e9dienne&nbsp; Acrobate <a title=\"Compagnie de la Lune - Spectacles\" href=\"http:\/\/compagniedelalune.free.fr\/spectacles.html\" target=\"_blank\" rel=\"noopener\">Duo Cordesque <\/a><\/address>\n<\/address>\n<address>Cr\u00e9ation et Mise en Sc\u00e8ne G\u00e9raldine Kannamma &amp; Herv\u00e9 Dez Martinez<\/address>\n<address>Compagnie de la Lune&nbsp;<\/p>\n<address>\n<address><b><b>&nbsp;<\/b><\/b>&nbsp;<\/p>\n<address><strong>2010 \/ 2020<\/strong><\/address>\n<address>Com\u00e9dienne&nbsp; VOIX&nbsp; <a title=\"G\u00e9raldine KANNAMMA Voix Off Doublage\" href=\"http:\/\/geraldinekannamma.com\/voix\/\" target=\"_blank\" rel=\"noopener\">(Voix Off &#8211; Doublage)<\/a><\/address>\n<address>&nbsp;<\/address>\n<address>&nbsp;<\/address>\n<address>\n<address><strong>2020<\/strong><\/address>\n<address>Com\u00e9dienne Les Contes d&#8217;Hoffmann<\/address>\n<address>Mise en sc\u00e8ne Robert Carsen<\/address>\n<address>Op\u00e9ra National de Paris Bastille<\/address>\n<address>&nbsp;<\/address>\n<address>&nbsp;<\/address>\n<\/address>\n<address>\n<address>\n<address><strong>2019<\/strong><\/address>\n<address>\n<address>Com\u00e9dienne&nbsp; <em>Otello<\/em><\/address>\n<address>Mise en sc\u00e8ne Andrei Serban<\/address>\n<address>Op\u00e9ra National de Paris Bastille<\/address>\n<address>&nbsp;<\/address>\n<address>&nbsp;<\/address>\n<\/address>\n<address><strong>Novembre 2016<\/strong><\/address>\n<address>Com\u00e9dienne Les Contes d&#8217;Hoffmann<\/address>\n<address>Mise en sc\u00e8ne Robert Carsen<\/address>\n<address>Op\u00e9ra National de Paris Bastille<\/address>\n<\/address>\n<address>&nbsp;<\/address>\n<address>&nbsp;<\/address>\n<address><strong>2012 \/ 2016<\/strong><\/address>\n<address>Com\u00e9dienne&nbsp; Acrobate <a title=\"Compagnie de la Lune - Spectacles\" href=\"http:\/\/compagniedelalune.free.fr\/spectacles.html\" target=\"_blank\" rel=\"noopener\">Duo Cordesque <\/a><\/address>\n<\/address>\n<address>Cr\u00e9ation et Mise en Sc\u00e8ne G\u00e9raldine Kannamma &amp; Herv\u00e9 Dez Martinez<\/address>\n<address>Compagnie de la Lune&nbsp;<\/p>\n<address>\n<address><b>&nbsp;<\/b><\/address>\n<address>&nbsp;<\/address>\n<\/address>\n<address><b>2013 \/ 2014<\/b><\/address>\n<address>Com\u00e9dienne &#8211; Echassi\u00e8re<i>&nbsp;&nbsp;Les marraines F\u00e9es<br \/>\n<\/i><\/address>\n<address>Cr\u00e9ation Cie Lilou (en tourn\u00e9e)<\/address>\n<\/address>\n<address>Com\u00e9dienne <a title=\"G\u00e9raldine KANNAMMA - Voix\" href=\"http:\/\/geraldinekannamma.com\/voix\/\" target=\"_blank\" rel=\"noopener\">VOIX<\/a> 4 Pubs Tv Biscuits LU<\/address>\n<address>&nbsp;<\/address>\n<address>&nbsp;<\/address>\n<address><b>Janvier \u00e0 Avril 2012<\/b><\/address>\n<address>Com\u00e9dienne \/ Acrobate a\u00e9rien&nbsp; <i>La Veuve Joyeuse<\/i><\/address>\n<address><i> <\/i>Mise en sc\u00e8ne : Jorge Lavelli<\/address>\n<address>Op\u00e9ra de Paris &#8211; Garnier<\/address>\n<address>&nbsp;<\/address>\n<address>&nbsp;<\/address>\n<address><b>2011 <\/b><\/address>\n<address>Acrobate avec les Yamakasi (Market Place Events)<\/address>\n<address>Echassi\u00e8re &#8211; Eclipse Compagnie : <i>Le bal des oiseaux, Soleil&#8230;<\/i><\/address>\n<address>Echassi\u00e8re&nbsp; &#8220;<i>DRACULA, l\u2019amour plus fort que la mort&#8221;,&nbsp; <\/i>mise en sc\u00e8ne : Kamel Ouali<\/address>\n<address>(Palais des sports, Paris)<\/address>\n<address>&nbsp;<\/address>\n<address>&nbsp;<\/address>\n<address><strong>Avril \u00e0 Novembre 2010<\/strong><\/address>\n<address>Conteuse &#8211; &#8220;<i>Les contes de l\u2019Arbre&#8221; <\/i><\/address>\n<address>(Th\u00e9\u00e2tre des \u00e9l\u00e9ments &#8211; Le Bioscope &#8211; 68)<\/address>\n<address>100 repr\u00e9sentations<\/address>\n<address>&nbsp;<\/address>\n<address>&nbsp;<\/address>\n<address><b>Avril 2009 \/ Octobre 2010<\/b><\/address>\n<address>Com\u00e9dienne Spectacle du Groupe F &#8220;<i>Les Ma\u00eetres du feu&#8221; <\/i><\/address>\n<address>(Clown, danse et pyrotechnie &#8211; Bioscope &#8211; 68)<\/address>\n<address>&nbsp;<\/address>\n<address>&nbsp;<\/address>\n<address><strong>Novembre 2007 \/ Mars 2009<\/strong><\/address>\n<address>Tourn\u00e9es &#8220;<i>Kathakali, danse indienne&#8221; <\/i>dans le Kerala (Inde) &#8211; Compagnie de la Lune<\/address>\n<address>&nbsp;<\/address>\n<address>&nbsp;<\/address>\n<address><b>2003 \/ 2013<\/b><\/address>\n<address>Directrice artistique et Mise en sc\u00e8ne des spectacles de la <i>Compagnie de la Lune<\/i><\/address>\n<address>(Ch\u00e2tenay-Malabry &#8211; 92)<\/address>\n<address>&nbsp;<\/address>\n<address>&nbsp;<\/address>\n<address><b>2006 \/ 2009<\/b><\/address>\n<address>Com\u00e9dienne et Voix Off &#8211; Spectacles du Parc Ast\u00e9rix (Village et Delphinarium)<\/address>\n<address>&nbsp;<\/address>\n<address>&nbsp;<\/address>\n<address><b>Novembre 2006<\/b><\/address>\n<address>Cr\u00e9ation collective &#8220;75012 BOMBAY&#8221;, avec la Compagnie ACT. Festival Premiers Pas.<\/address>\n<address>Th\u00e9\u00e2tre de L\u2019Ep\u00e9e de Bois (Cartoucherie de Vincennes)<\/address>\n<address>&nbsp;<\/address>\n<address>&nbsp;<\/address>\n<address><b>2003<\/b><\/address>\n<address>Com\u00e9dienne &#8220;<i>Le Jeu&#8221; <\/i>&#8211; Texte et mise en sc\u00e8ne Emilie Absire. Cie du Petit Peuple<\/address>\n<address>(Th\u00e9\u00e2tre du Pierrier &#8211; Plessis Robinson &#8211; 92)<\/address>\n<address>&nbsp;<\/address>\n<address>&nbsp;<\/address>\n<address><b>1999 \/ 2002<\/b><\/address>\n<address>Com\u00e9dienne dans &#8220;<i>Poule Rousse&#8221;<\/i>, conte musical pour enfants, cr\u00e9ation de la Cie du Petit Peuple<\/address>\n<address>(Th\u00e9\u00e2tre Victor Hugo Bagneux \/ Festival Chorus 92)<\/address>\n<address>&nbsp;<\/address>\n<address>&nbsp;<\/address>\n<address><b>2000 \/ 2001<\/b><\/address>\n<address>Com\u00e9dienne dans &#8220;<i>L\u2019\u00eele aux trois pirates&#8221;, <\/i>texte et mise en sc\u00e8ne de Didier Sybille, Cie de L\u2019Athanor. (Tourn\u00e9e Paris, Ile de France)<\/address>\n<address>&nbsp;<\/address>\n<address>&nbsp;<\/address>\n<address><b>1998 \/ 1999<\/b><\/address>\n<address>Com\u00e9dienne&nbsp; &#8211; &#8220;<i>Fabliaux du Moyen Age&#8221;<\/i>, cr\u00e9ation de la Cie du Petit Peuple (Th\u00e9\u00e2tre du Pierrier \/ Plessis-Robinson)<\/address>\n<address>Com\u00e9dienne dans &#8220;<i>Caroline et Casimir&#8221; <\/i>d&#8217;Od\u00f6n Von Horath, mise en sc\u00e8ne de Jean-Louis Besson. (Th\u00e9\u00e2tre Bernard-Marie Kolt\u00e8s de Nanterre)<\/address>\n<address>&nbsp;<\/address>\n<address>&nbsp;<\/address>\n<address><b>1996 \/ 1997<\/b><\/address>\n<address>Com\u00e9dienne dans &#8220;<i>L&#8217;Ombre Port\u00e9e&#8221; &#8211; <\/i>Cr\u00e9ation collective.<\/address>\n<address>(Th\u00e9\u00e2tre du Plessis-Robinson, Th\u00e9\u00e2tre La Piscine de Ch\u00e2tenay, Hall des Chars La Laiterie \u00e0 Strasbourg.)<\/address>\n<address>&nbsp;<\/address>\n<address>&nbsp;<\/address>\n<address><b>1995<\/b><\/address>\n<address>Com\u00e9dienne dans <i>Le zoo des petites menaces<\/i>, cr\u00e9ation d&#8217;apr\u00e8s Harold Pinter (Th\u00e9\u00e2tre La Piscine de Ch\u00e2tenay, Th\u00e9\u00e2tre Corvisart \/ Paris)<\/address>\n<address>Direction de l\u2019acteur :<strong> Jean Pierre Bacri<\/strong><\/address>\n<address>&nbsp;<\/address>\n<address>&nbsp;<\/address>\n<address><a href=\"http:\/\/geraldinekannamma.com\/wp-content\/uploads\/2014\/01\/Take-Her-GK.png\"><img decoding=\"async\" loading=\"lazy\" src=\"http:\/\/geraldinekannamma.com\/wp-content\/uploads\/2014\/01\/Take-Her-GK.png\" alt=\"Take Her! GK\" width=\"312\" height=\"232\"><\/a><\/address>\n<address>&nbsp;<\/address>\n<address>&nbsp;<\/address>\n<address><a href=\"http:\/\/geraldinekannamma.com\/wp-content\/uploads\/2013\/11\/UO2B8406.jpg\"><img decoding=\"async\" loading=\"lazy\" src=\"http:\/\/geraldinekannamma.com\/wp-content\/uploads\/2013\/11\/UO2B8406.jpg\" alt=\"UO2B8406\" width=\"312\" height=\"214\"><\/a><\/address>\n<address>&nbsp;<\/address>\n<address><!--nextpage--><\/address>\n<address><img decoding=\"async\" title=\"Next page...\" src=\"http:\/\/geraldinekannamma.com\/wp-includes\/js\/tinymce\/plugins\/wordpress\/img\/trans.gif\" alt=\"\"><\/address>\n<address>&nbsp;<a href=\"http:\/\/geraldinekannamma.com\/wp-content\/uploads\/2013\/02\/IMG_E0656.jpg\"><img decoding=\"async\" loading=\"lazy\" src=\"http:\/\/geraldinekannamma.com\/wp-content\/uploads\/2013\/02\/IMG_E0656.jpg\" alt=\"IMG_E0656\" width=\"300\" height=\"440\"><\/a><\/address>\n<address><a href=\"http:\/\/geraldinekannamma.com\/wp-content\/uploads\/2013\/02\/Upside-Down.png\"><img decoding=\"async\" loading=\"lazy\" src=\"http:\/\/geraldinekannamma.com\/wp-content\/uploads\/2013\/02\/Upside-Down-300x224.png\" alt=\"Upside Down\" width=\"300\" height=\"224\"><\/a><\/address>\n<address>&nbsp;<\/address>\n<address>&nbsp;<\/address>\n<address><a href=\"http:\/\/geraldinekannamma.com\/wp-content\/uploads\/2013\/01\/G\u00e9raldine-Kannamma-Contes-de-larbre2.jpg\"><img decoding=\"async\" loading=\"lazy\" src=\"http:\/\/geraldinekannamma.com\/wp-content\/uploads\/2013\/01\/G\u00e9raldine-Kannamma-Contes-de-larbre2.jpg\" alt=\"G\u00e9raldine Kannamma -Contes de l'arbre2\" width=\"300\" height=\"396\"><\/a><\/address>\n<address>&nbsp;<\/address>\n<address>&nbsp;<\/address>\n<address><a href=\"http:\/\/geraldinekannamma.com\/wp-content\/uploads\/2013\/02\/La-Veuve-Joyeuse-Opera-de-Paris.png\"><img decoding=\"async\" loading=\"lazy\" src=\"http:\/\/geraldinekannamma.com\/wp-content\/uploads\/2013\/02\/La-Veuve-Joyeuse-Opera-de-Paris.png\" alt=\"La Veuve Joyeuse Opera de Paris\" width=\"300\" height=\"400\"><\/a><\/address>\n<address>&nbsp;<\/address>\n<address>&nbsp;<\/address>\n<address>&nbsp;<a href=\"http:\/\/geraldinekannamma.com\/wp-content\/uploads\/2013\/02\/Final.png\"><img decoding=\"async\" loading=\"lazy\" src=\"http:\/\/geraldinekannamma.com\/wp-content\/uploads\/2013\/02\/Final.png\" alt=\"Final\" width=\"300\" height=\"208\"><\/a><\/address>\n<address>&nbsp;<\/address>\n<address>&nbsp;<\/address>\n<address><a href=\"http:\/\/geraldinekannamma.com\/wp-content\/uploads\/2013\/02\/La-Veuve-Joyeuse-Opera-de-Paris1.png\"><img decoding=\"async\" loading=\"lazy\" src=\"http:\/\/geraldinekannamma.com\/wp-content\/uploads\/2013\/02\/La-Veuve-Joyeuse-Opera-de-Paris1.png\" alt=\"La Veuve Joyeuse Opera de Paris\" width=\"300\" height=\"308\"><\/a><\/address>\n<address>&nbsp;<\/address>\n<address>&nbsp;<\/address>\n<address><a href=\"http:\/\/geraldinekannamma.com\/wp-content\/uploads\/2013\/11\/UO2B8754.jpg\"><img decoding=\"async\" loading=\"lazy\" src=\"http:\/\/geraldinekannamma.com\/wp-content\/uploads\/2013\/11\/UO2B8754.jpg\" alt=\"UO2B8754\" width=\"300\" height=\"449\"><\/a><\/address>\n<address>&nbsp;<\/address>\n<p>Toutes les <a title=\"G\u00e9raldine KANNAMMA - Galerie\" href=\"http:\/\/geraldinekannamma.com\/galerie\/\" target=\"_blank\" rel=\"noopener\"><strong>photos<\/strong><\/a> &#8230;<\/p>\n<\/address>\n<\/address>\n<\/address>\n<\/address>\n","protected":false},"excerpt":{"rendered":"<p>Sorry, this entry is only available in Fran\u00e7ais.<\/p>\n","protected":false},"author":1,"featured_media":0,"parent":0,"menu_order":0,"comment_status":"closed","ping_status":"open","template":"","meta":{"ngg_post_thumbnail":0},"_links":{"self":[{"href":"https:\/\/geraldinekannamma.com\/en\/wp-json\/wp\/v2\/pages\/96"}],"collection":[{"href":"https:\/\/geraldinekannamma.com\/en\/wp-json\/wp\/v2\/pages"}],"about":[{"href":"https:\/\/geraldinekannamma.com\/en\/wp-json\/wp\/v2\/types\/page"}],"author":[{"embeddable":true,"href":"https:\/\/geraldinekannamma.com\/en\/wp-json\/wp\/v2\/users\/1"}],"replies":[{"embeddable":true,"href":"https:\/\/geraldinekannamma.com\/en\/wp-json\/wp\/v2\/comments?post=96"}],"version-history":[{"count":119,"href":"https:\/\/geraldinekannamma.com\/en\/wp-json\/wp\/v2\/pages\/96\/revisions"}],"predecessor-version":[{"id":1946,"href":"https:\/\/geraldinekannamma.com\/en\/wp-json\/wp\/v2\/pages\/96\/revisions\/1946"}],"wp:attachment":[{"href":"https:\/\/geraldinekannamma.com\/en\/wp-json\/wp\/v2\/media?parent=96"}],"curies":[{"name":"wp","href":"https:\/\/api.w.org\/{rel}","templated":true}]}}